{"id":16,"date":"2025-03-28T15:59:16","date_gmt":"2025-03-28T18:59:16","guid":{"rendered":"https:\/\/innovacon.simplificandotuweb.com\/?page_id=16"},"modified":"2025-10-14T15:20:04","modified_gmt":"2025-10-14T13:20:04","slug":"politica-de-cookies","status":"publish","type":"page","link":"https:\/\/jjabogadosabadell.com\/ca\/politica-de-cookies\/","title":{"rendered":"Pol\u00edtica de Cookies"},"content":{"rendered":"<div data-elementor-type=\"wp-page\" data-elementor-id=\"16\" class=\"elementor elementor-16\" data-elementor-post-type=\"page\">\n\t\t\t\t<div class=\"elementor-element elementor-element-3acbd3f e-con-full e-flex e-con e-parent\" data-id=\"3acbd3f\" data-element_type=\"container\" data-settings=\"{&quot;background_background&quot;:&quot;classic&quot;}\">\n\t\t\t\t<div class=\"elementor-element elementor-element-0485458 elementor-widget elementor-widget-heading\" data-id=\"0485458\" data-element_type=\"widget\" data-widget_type=\"heading.default\">\n\t\t\t\t<div class=\"elementor-widget-container\">\n\t\t\t\t\t<h1 class=\"elementor-heading-title elementor-size-default\">Pol\u00edtica de Cookies<\/h1>\t\t\t\t<\/div>\n\t\t\t\t<\/div>\n\t\t\t\t<div class=\"elementor-element elementor-element-2b38f22 elementor-widget-divider--view-line elementor-widget elementor-widget-divider\" data-id=\"2b38f22\" data-element_type=\"widget\" data-widget_type=\"divider.default\">\n\t\t\t\t<div class=\"elementor-widget-container\">\n\t\t\t\t\t\t\t<div class=\"elementor-divider\">\n\t\t\t<span class=\"elementor-divider-separator\">\n\t\t\t\t\t\t<\/span>\n\t\t<\/div>\n\t\t\t\t\t\t<\/div>\n\t\t\t\t<\/div>\n\t\t\t\t<\/div>\n\t\t<div class=\"elementor-element elementor-element-5093eaa5 e-flex e-con-boxed e-con e-parent\" data-id=\"5093eaa5\" data-element_type=\"container\">\n\t\t\t\t\t<div class=\"e-con-inner\">\n\t\t\t\t<div class=\"elementor-element elementor-element-47501969 elementor-widget elementor-widget-text-editor\" data-id=\"47501969\" data-element_type=\"widget\" data-widget_type=\"text-editor.default\">\n\t\t\t\t<div class=\"elementor-widget-container\">\n\t\t\t\t\t\t\t\t\t\n<p><em>Aquesta pol\u00edtica de cookies va ser actualitzada per darrera vegada el 08\/01\/2024 i s&#039;aplica als ciutadans i residents legals permanents de l&#039;Espai Econ\u00f2mic Europeu i Su\u00efssa.<\/em><\/p>\n\n<p><strong>1. Introducci\u00f3<\/strong><\/p>\n\n<p>La nostra web, <strong><a href=\"https:\/\/jjabogadosabadell.com\/ca\/\"><span style=\"text-decoration: underline;\">https:\/\/jjabogadosabadell.com\/<\/span><\/a><\/strong>\u00a0(d&#039;ara endavant: \u00abla web\u00bb) utilitza cookies i altres tecnologies relacionades (per a m\u00e9s comoditat, totes les tecnologies s&#039;anomenen \u00abcookies\u00bb). Les cookies tamb\u00e9 s\u00f3n col\u00b7locades per tercers als que hem contractat. Al seg\u00fcent document t&#039;informem sobre l&#039;\u00fas de cookies a la nostra web.<\/p>\n\n<p><strong>2. Qu\u00e8 s\u00f3n les galetes?<\/strong><\/p>\n\n<p>Una galeta \u00e9s un petit fitxer que s&#039;envia juntament amb les p\u00e0gines d&#039;aquesta web i que el vostre navegador emmagatzema al disc dur del vostre ordinador o un altre dispositiu. La informaci\u00f3 emmagatzemada pot ser tornada als nostres servidors o als servidors de tercers apropiats durant una visita posterior.<\/p>\n\n<p><strong>3. \u00bf Qu\u00e8 s\u00f3n els scripts?<\/strong><\/p>\n\n<p>Un script \u00e9s un fragment de codi de programa que s&#039;utilitza per fer que la nostra web funcioni correctament i de manera interactiva. Aquest codi s&#039;executa al nostre servidor o al vostre dispositiu.<\/p>\n\n<p><strong>4. Qu\u00e8 \u00e9s una balisa web?<\/strong><\/p>\n\n<p>Una balisa web (o una etiqueta de p\u00edxel) \u00e9s una petita i invisible pe\u00e7a de text o imatge en una web que sutilitza per monitoritzar el tr\u00e0nsit en una web. Per aix\u00f2, s&#039;emmagatzemen diverses dades sobre vost\u00e8 mitjan\u00e7ant aquestes balises web.<\/p>\n\n<p><strong>5. Cookies<\/strong><\/p>\n\n<p><strong>5.1 Galetes t\u00e8cniques o funcionals<\/strong><\/p>\n\n<p>Algunes galetes asseguren que certes parts del web funcionin correctament i que les teves prefer\u00e8ncies d&#039;usuari es continu\u00efn recordant. En col\u00b7locar cookies funcionals, et facilitem la visita a la nostra web. D&#039;aquesta manera, no necessites introduir repetidament la mateixa informaci\u00f3 quan visites la nostra web i, per exemple, els articles romanen a la cistella de la compra fins que hagis pagat. Podem col\u00b7locar aquestes galetes sense el teu consentiment.<\/p>\n\n<p><strong>5.2 Galetes de m\u00e0rqueting\/seguiment<\/strong><\/p>\n\n<p>Les galetes de m\u00e0rqueting\/seguiment s\u00f3n galetes, o qualsevol altra forma d&#039;emmagatzematge local, usades per crear perfils d&#039;usuari per mostrar publicitat o per fer el seguiment de l&#039;usuari en aquesta web o en diverses webs amb finalitats de m\u00e0rqueting similars.<\/p>\n\n<p><strong>6. Cookies usades<\/strong><\/p>\n\n<p><strong>Elementor<\/strong><\/p>\n\n<p>Estad\u00edstiques (an\u00f2nimes)<\/p>\n\n<p>Consent to service elementor<\/p>\n\n<p><strong>WordPress<\/strong><\/p>\n\n<p>Funcional<\/p>\n\n<p>Consent to service wordpress<\/p>\n\n<p><strong>Diversos<\/strong><\/p>\n\n<p>Prop\u00f2sit pendent de recerca<\/p>\n\n<p>Consent to service diversos<\/p>\n\n<p><strong>7. Consentiment<\/strong><\/p>\n\n<p>Quan visiteu la nostra web per primera vegada, us mostrarem una finestra emergent amb una explicaci\u00f3 sobre les cookies. Tan bon punt feu clic a \u00abDesa les prefer\u00e8ncies\u00bb, accepteu que utilitzem les categories de galetes i connectors que heu seleccionat a la finestra emergent, tal com es descriu en aquesta pol\u00edtica de galetes. Podeu desactivar l&#039;\u00fas de cookies a trav\u00e9s del vostre navegador, per\u00f2, si us plau, tingueu en compte que la nostra web pot deixar de funcionar correctament.<\/p>\n\n<p><strong>7.1 Gestiona els teus ajustaments de consentiment<\/strong><\/p>\n\n<p>Funcional<\/p>\n\n<p>Sempre actiu<\/p>\n\n<p>M\u00e0rqueting<\/p>\n\n<p>M\u00e0rqueting<\/p>\n\n<p><strong>8. Activaci\u00f3\/desactivaci\u00f3 i esborrament de cookies<\/strong><\/p>\n\n<p>Podeu utilitzar el vostre navegador d&#039;Internet per eliminar les galetes de forma autom\u00e0tica o manual. Tamb\u00e9 pots especificar que certes galetes no poden ser col\u00b7locades. Una altra opci\u00f3 \u00e9s canviar els par\u00e0metres del vostre navegador d&#039;Internet perqu\u00e8 rebis un missatge cada vegada que es col\u00b7loca una galeta. Per obtenir m\u00e9s informaci\u00f3 sobre aquestes opcions, consulteu les instruccions de la secci\u00f3 \u00abAjuda\u00bb del vostre navegador.<\/p>\n\n<p>Tingues en compte que la nostra web pot no funcionar correctament si totes les galetes estan desactivades. Si esborres les cookies del teu navegador, es tornaran a col\u00b7locar despr\u00e9s del teu consentiment quan tornis a visitar les nostres webs.<\/p>\n\n<p><strong>9. Els teus drets pel que fa a les dades personals<\/strong><\/p>\n\n<p>Tens els drets seg\u00fcents pel que fa a les teves dades personals:<\/p>\n\n<ul class=\"wp-block-list\">\n<li>T\u00e9 dret a saber per qu\u00e8 es necessiten les teves dades personals, qu\u00e8 passar\u00e0 amb elles i durant quant de temps es conservaran.<\/li>\n\n<li>Dret d&#039;acc\u00e9s: tens dret a accedir a les dades personals que coneixem.<\/li>\n\n<li>Dret de rectificaci\u00f3: tens dret a completar, rectificar, esborrar o bloquejar les teves dades personals quan vulguis.<\/li>\n\n<li>Si ens d\u00f3nes el teu consentiment per processar les teves dades, tens dret a revocar aquest consentiment ia que s&#039;eliminin les teves dades personals.<\/li>\n\n<li>Dret de cessi\u00f3 de les teves dades: tens dret a sol\u00b7licitar totes les dades personals al responsable del tractament ia transferir-les \u00edntegrament a un altre responsable del tractament.<\/li>\n\n<li>Dret d&#039;oposici\u00f3: et pots oposar al tractament de les teves dades. Nosaltres complim amb aix\u00f2, tret que hi hagi motius justificats per al processament.<\/li>\n<\/ul>\n\n<p>Per exercir aquests drets, si us plau, contacta amb nosaltres. Si us plau, consulteu els detalls de contacte a la part inferior d&#039;aquesta pol\u00edtica de cookies. Si teniu alguna queixa sobre com gestionem les vostres dades, ens agradaria que ens la fessis saber, per\u00f2 tamb\u00e9 tens dret a enviar una queixa a l&#039;autoritat supervisora (l&#039;autoritat de protecci\u00f3 de dades).<\/p>\n\n<p><strong>10. Dades de contacte<\/strong><\/p>\n\n<p>Per a preguntes i\/o comentaris sobre la nostra pol\u00edtica de cookies i aquesta declaraci\u00f3, si us plau, contacta amb nosaltres usant les seg\u00fcents dades de contacte:<\/p>\n\n<ul class=\"wp-block-list\">\n<li><strong>Empresa:<\/strong> JORDI JANER RODR\u00cdGUEZ<\/li>\n<li><strong>NIF:<\/strong> 47180301X<\/li>\n<li><strong>Responsable:<\/strong> Jordi<\/li>\n<li><strong>Domicili:<\/strong> FRANCESC MACI\u00c0 30 TORRE B PL. 1<\/li>\n<li><strong>CP i Poblaci\u00f3:<\/strong> 08208 SABADELL (BARCELONA)<\/li>\n<li><strong>Tel\u00e8fon: <\/strong>603042953<\/li>\n<li><strong>Mail: <span style=\"text-decoration: underline;\"><a class=\"mailto-link\" href=\"mailto:jordi@jjabogadosabadell.com\" target=\"_blank\" rel=\"noopener\">jordi@jjabogadosabadell.com<\/a><\/span><\/strong><\/li>\n<\/ul>\n\n<p>\u00a0<\/p>\n<p>Aquesta pol\u00edtica de galetes s&#039;ha sincronitzat amb\u00a0<a href=\"https:\/\/cookiedatabase.org\/\">cookiedatabase.org<\/a>\u00a0el 08\/01\/2024.<\/p>\n\t\t\t\t\t\t\t\t<\/div>\n\t\t\t\t<\/div>\n\t\t\t\t\t<\/div>\n\t\t\t\t<\/div>\n\t\t\t\t<\/div>","protected":false},"excerpt":{"rendered":"<p>Aquesta pol\u00edtica de cookies va ser actualitzada per darrera vegada el 08\/01\/2024 i s&#039;aplica als ciutadans i residents legals permanents de l&#039;Espai Econ\u00f2mic Europeu i Su\u00efssa. 1. Introducci\u00f3 La nostra web, https:\/\/jjabogadosabadell.com\/ (d&#039;ara endavant: \u00abla web\u00bb) utilitza cookies i altres tecnologies relacionades (per a m\u00e9s comoditat, totes les tecnologies s&#039;anomenen \u00abcookies\u00bb). Les cookies tamb\u00e9 s\u00f3n col\u00b7locades\u2026<\/p>","protected":false},"author":1,"featured_media":0,"parent":0,"menu_order":0,"comment_status":"closed","ping_status":"closed","template":"","meta":{"inline_featured_image":false,"footnotes":""},"class_list":["post-16","page","type-page","status-publish","hentry"],"yoast_head":"<!-- This site is optimized with the Yoast SEO plugin v26.4 - https:\/\/yoast.com\/wordpress\/plugins\/seo\/ -->\n<title>Pol\u00edtica de Cookies - Jordi Janer Abogados<\/title>\n<meta name=\"robots\" content=\"index, follow, max-snippet:-1, max-image-preview:large, max-video-preview:-1\" \/>\n<link rel=\"canonical\" href=\"https:\/\/jjabogadosabadell.com\/ca\/politica-de-cookies\/\" \/>\n<meta property=\"og:locale\" content=\"ca_ES\" \/>\n<meta property=\"og:type\" content=\"article\" \/>\n<meta property=\"og:title\" content=\"Pol\u00edtica de Cookies - Jordi Janer Abogados\" \/>\n<meta property=\"og:description\" content=\"Esta pol\u00edtica de cookies fue actualizada por \u00faltima vez el 08\/01\/2024 y se aplica a los ciudadanos y residentes legales permanentes del Espacio Econ\u00f3mico Europeo y Suiza. 1. Introducci\u00f3n Nuestra web, https:\/\/jjabogadosabadell.com\/\u00a0(en adelante: \u00abla web\u00bb) utiliza cookies y otras tecnolog\u00edas relacionadas (para mayor comodidad, todas las tecnolog\u00edas se denominan \u00abcookies\u00bb). Las cookies tambi\u00e9n son colocadas...\" \/>\n<meta property=\"og:url\" content=\"https:\/\/jjabogadosabadell.com\/ca\/politica-de-cookies\/\" \/>\n<meta property=\"og:site_name\" content=\"Jordi Janer Abogados\" \/>\n<meta property=\"article:modified_time\" content=\"2025-10-14T13:20:04+00:00\" \/>\n<meta name=\"twitter:card\" content=\"summary_large_image\" \/>\n<meta name=\"twitter:label1\" content=\"Temps estimat de lectura\" \/>\n\t<meta name=\"twitter:data1\" content=\"4 minuts\" \/>\n<script type=\"application\/ld+json\" class=\"yoast-schema-graph\">{\"@context\":\"https:\/\/schema.org\",\"@graph\":[{\"@type\":\"WebPage\",\"@id\":\"https:\/\/jjabogadosabadell.com\/politica-de-cookies\/\",\"url\":\"https:\/\/jjabogadosabadell.com\/politica-de-cookies\/\",\"name\":\"Pol\u00edtica de Cookies - Jordi Janer Abogados\",\"isPartOf\":{\"@id\":\"https:\/\/jjabogadosabadell.com\/#website\"},\"datePublished\":\"2025-03-28T18:59:16+00:00\",\"dateModified\":\"2025-10-14T13:20:04+00:00\",\"breadcrumb\":{\"@id\":\"https:\/\/jjabogadosabadell.com\/politica-de-cookies\/#breadcrumb\"},\"inLanguage\":\"ca\",\"potentialAction\":[{\"@type\":\"ReadAction\",\"target\":[\"https:\/\/jjabogadosabadell.com\/politica-de-cookies\/\"]}]},{\"@type\":\"BreadcrumbList\",\"@id\":\"https:\/\/jjabogadosabadell.com\/politica-de-cookies\/#breadcrumb\",\"itemListElement\":[{\"@type\":\"ListItem\",\"position\":1,\"name\":\"Portada\",\"item\":\"https:\/\/jjabogadosabadell.com\/\"},{\"@type\":\"ListItem\",\"position\":2,\"name\":\"Pol\u00edtica de Cookies\"}]},{\"@type\":\"WebSite\",\"@id\":\"https:\/\/jjabogadosabadell.com\/#website\",\"url\":\"https:\/\/jjabogadosabadell.com\/\",\"name\":\"Jordi Janer Abogados\",\"description\":\"Asesor\u00eda y defensa legal con abogados expertos en Barcelona\",\"potentialAction\":[{\"@type\":\"SearchAction\",\"target\":{\"@type\":\"EntryPoint\",\"urlTemplate\":\"https:\/\/jjabogadosabadell.com\/?s={search_term_string}\"},\"query-input\":{\"@type\":\"PropertyValueSpecification\",\"valueRequired\":true,\"valueName\":\"search_term_string\"}}],\"inLanguage\":\"ca\"}]}<\/script>\n<!-- \/ Yoast SEO plugin. -->","yoast_head_json":{"title":"Pol\u00edtica de Cookies - Jordi Janer Abogados","robots":{"index":"index","follow":"follow","max-snippet":"max-snippet:-1","max-image-preview":"max-image-preview:large","max-video-preview":"max-video-preview:-1"},"canonical":"https:\/\/jjabogadosabadell.com\/ca\/politica-de-cookies\/","og_locale":"ca_ES","og_type":"article","og_title":"Pol\u00edtica de Cookies - Jordi Janer Abogados","og_description":"Esta pol\u00edtica de cookies fue actualizada por \u00faltima vez el 08\/01\/2024 y se aplica a los ciudadanos y residentes legales permanentes del Espacio Econ\u00f3mico Europeo y Suiza. 1. Introducci\u00f3n Nuestra web, https:\/\/jjabogadosabadell.com\/\u00a0(en adelante: \u00abla web\u00bb) utiliza cookies y otras tecnolog\u00edas relacionadas (para mayor comodidad, todas las tecnolog\u00edas se denominan \u00abcookies\u00bb). Las cookies tambi\u00e9n son colocadas...","og_url":"https:\/\/jjabogadosabadell.com\/ca\/politica-de-cookies\/","og_site_name":"Jordi Janer Abogados","article_modified_time":"2025-10-14T13:20:04+00:00","twitter_card":"summary_large_image","twitter_misc":{"Temps estimat de lectura":"4 minuts"},"schema":{"@context":"https:\/\/schema.org","@graph":[{"@type":"WebPage","@id":"https:\/\/jjabogadosabadell.com\/politica-de-cookies\/","url":"https:\/\/jjabogadosabadell.com\/politica-de-cookies\/","name":"Pol\u00edtica de Cookies - Jordi Janer Abogados","isPartOf":{"@id":"https:\/\/jjabogadosabadell.com\/#website"},"datePublished":"2025-03-28T18:59:16+00:00","dateModified":"2025-10-14T13:20:04+00:00","breadcrumb":{"@id":"https:\/\/jjabogadosabadell.com\/politica-de-cookies\/#breadcrumb"},"inLanguage":"ca","potentialAction":[{"@type":"ReadAction","target":["https:\/\/jjabogadosabadell.com\/politica-de-cookies\/"]}]},{"@type":"BreadcrumbList","@id":"https:\/\/jjabogadosabadell.com\/politica-de-cookies\/#breadcrumb","itemListElement":[{"@type":"ListItem","position":1,"name":"Portada","item":"https:\/\/jjabogadosabadell.com\/"},{"@type":"ListItem","position":2,"name":"Pol\u00edtica de Cookies"}]},{"@type":"WebSite","@id":"https:\/\/jjabogadosabadell.com\/#website","url":"https:\/\/jjabogadosabadell.com\/","name":"Jordi Janer Advocats","description":"Assessoria i defensa legal amb advocats experts a Barcelona","potentialAction":[{"@type":"SearchAction","target":{"@type":"EntryPoint","urlTemplate":"https:\/\/jjabogadosabadell.com\/?s={search_term_string}"},"query-input":{"@type":"PropertyValueSpecification","valueRequired":true,"valueName":"search_term_string"}}],"inLanguage":"ca"}]}},"_links":{"self":[{"href":"https:\/\/jjabogadosabadell.com\/ca\/wp-json\/wp\/v2\/pages\/16","targetHints":{"allow":["GET"]}}],"collection":[{"href":"https:\/\/jjabogadosabadell.com\/ca\/wp-json\/wp\/v2\/pages"}],"about":[{"href":"https:\/\/jjabogadosabadell.com\/ca\/wp-json\/wp\/v2\/types\/page"}],"author":[{"embeddable":true,"href":"https:\/\/jjabogadosabadell.com\/ca\/wp-json\/wp\/v2\/users\/1"}],"replies":[{"embeddable":true,"href":"https:\/\/jjabogadosabadell.com\/ca\/wp-json\/wp\/v2\/comments?post=16"}],"version-history":[{"count":25,"href":"https:\/\/jjabogadosabadell.com\/ca\/wp-json\/wp\/v2\/pages\/16\/revisions"}],"predecessor-version":[{"id":1461,"href":"https:\/\/jjabogadosabadell.com\/ca\/wp-json\/wp\/v2\/pages\/16\/revisions\/1461"}],"wp:attachment":[{"href":"https:\/\/jjabogadosabadell.com\/ca\/wp-json\/wp\/v2\/media?parent=16"}],"curies":[{"name":"wp","href":"https:\/\/api.w.org\/{rel}","templated":true}]}}