{"id":167,"date":"2025-04-06T03:30:47","date_gmt":"2025-04-06T01:30:47","guid":{"rendered":"https:\/\/jjabogadosabadell.com\/?page_id=167"},"modified":"2025-10-10T16:34:26","modified_gmt":"2025-10-10T14:34:26","slug":"reserva-tu-cita","status":"publish","type":"page","link":"https:\/\/jjabogadosabadell.com\/ca\/reserva-tu-cita\/","title":{"rendered":"Reserva la teva cita"},"content":{"rendered":"<div data-elementor-type=\"wp-page\" data-elementor-id=\"167\" class=\"elementor elementor-167\" data-elementor-post-type=\"page\">\n\t\t\t\t<div class=\"elementor-element elementor-element-07693bf e-con-full e-flex e-con e-parent\" data-id=\"07693bf\" data-element_type=\"container\" data-settings=\"{&quot;background_background&quot;:&quot;classic&quot;}\">\n\t\t\t\t<div class=\"elementor-element elementor-element-2111476 elementor-widget elementor-widget-heading\" data-id=\"2111476\" data-element_type=\"widget\" data-widget_type=\"heading.default\">\n\t\t\t\t<div class=\"elementor-widget-container\">\n\t\t\t\t\t<h1 class=\"elementor-heading-title elementor-size-default\">Reserva la teva cita<\/h1>\t\t\t\t<\/div>\n\t\t\t\t<\/div>\n\t\t\t\t<div class=\"elementor-element elementor-element-20d4d40 elementor-widget-divider--view-line elementor-widget elementor-widget-divider\" data-id=\"20d4d40\" data-element_type=\"widget\" data-widget_type=\"divider.default\">\n\t\t\t\t<div class=\"elementor-widget-container\">\n\t\t\t\t\t\t\t<div class=\"elementor-divider\">\n\t\t\t<span class=\"elementor-divider-separator\">\n\t\t\t\t\t\t<\/span>\n\t\t<\/div>\n\t\t\t\t\t\t<\/div>\n\t\t\t\t<\/div>\n\t\t\t\t<\/div>\n\t\t<div class=\"elementor-element elementor-element-f591e0b e-flex e-con-boxed e-con e-parent\" data-id=\"f591e0b\" data-element_type=\"container\">\n\t\t\t\t\t<div class=\"e-con-inner\">\n\t\t<div class=\"elementor-element elementor-element-e450d53 e-con-full e-flex e-con e-child\" data-id=\"e450d53\" data-element_type=\"container\" data-settings=\"{&quot;background_background&quot;:&quot;classic&quot;}\">\n\t\t\t\t<\/div>\n\t\t<div class=\"elementor-element elementor-element-38b8585 e-con-full e-flex e-con e-child\" data-id=\"38b8585\" data-element_type=\"container\">\n\t\t\t\t<div class=\"elementor-element elementor-element-0704ebb elementor-widget elementor-widget-heading\" data-id=\"0704ebb\" data-element_type=\"widget\" data-widget_type=\"heading.default\">\n\t\t\t\t<div class=\"elementor-widget-container\">\n\t\t\t\t\t<p class=\"elementor-heading-title elementor-size-default\">Reserva la teva cita<\/p>\t\t\t\t<\/div>\n\t\t\t\t<\/div>\n\t\t\t\t<div class=\"elementor-element elementor-element-1aa2924 elementor-widget-divider--view-line elementor-widget elementor-widget-divider\" data-id=\"1aa2924\" data-element_type=\"widget\" data-widget_type=\"divider.default\">\n\t\t\t\t<div class=\"elementor-widget-container\">\n\t\t\t\t\t\t\t<div class=\"elementor-divider\">\n\t\t\t<span class=\"elementor-divider-separator\">\n\t\t\t\t\t\t<\/span>\n\t\t<\/div>\n\t\t\t\t\t\t<\/div>\n\t\t\t\t<\/div>\n\t\t\t\t<div class=\"elementor-element elementor-element-ce2fd9a elementor-widget-mobile__width-inherit elementor-widget elementor-widget-elementskit-heading\" data-id=\"ce2fd9a\" data-element_type=\"widget\" data-widget_type=\"elementskit-heading.default\">\n\t\t\t\t<div class=\"elementor-widget-container\">\n\t\t\t\t\t<div class=\"ekit-wid-con\" ><div class=\"ekit-heading elementskit-section-title-wraper text_left   ekit_heading_tablet-text_left   ekit_heading_mobile-text_center\"><h2 class=\"ekit-heading--title elementskit-section-title\"> Reserva la teva cita<\/span> ara mateix amb Jordi Janer Advocats<\/h2>\t\t\t\t<div class='ekit-heading__description'>\n\t\t\t\t\t<p>A Jordi Janer Advocats, oferim una consulta inicial per discutir el teu cas i oferir-te la millor soluci\u00f3 legal. Reserva la teva cita de manera r\u00e0pida i senzilla a trav\u00e9s del nostre calendari en l\u00ednia.<\/p>\n\t\t\t\t<\/div>\n\t\t\t<\/div><\/div>\t\t\t\t<\/div>\n\t\t\t\t<\/div>\n\t\t\t\t<\/div>\n\t\t\t\t\t<\/div>\n\t\t\t\t<\/div>\n\t\t<div class=\"elementor-element elementor-element-2d10fa8 e-flex e-con-boxed e-con e-parent\" data-id=\"2d10fa8\" data-element_type=\"container\">\n\t\t\t\t\t<div class=\"e-con-inner\">\n\t\t\t\t<div class=\"elementor-element elementor-element-7705c3b elementor-widget elementor-widget-heading\" data-id=\"7705c3b\" data-element_type=\"widget\" data-widget_type=\"heading.default\">\n\t\t\t\t<div class=\"elementor-widget-container\">\n\t\t\t\t\t<p class=\"elementor-heading-title elementor-size-default\">Pas a Pas<\/p>\t\t\t\t<\/div>\n\t\t\t\t<\/div>\n\t\t\t\t<div class=\"elementor-element elementor-element-b8c75bc elementor-widget-divider--view-line elementor-widget elementor-widget-divider\" data-id=\"b8c75bc\" data-element_type=\"widget\" data-widget_type=\"divider.default\">\n\t\t\t\t<div class=\"elementor-widget-container\">\n\t\t\t\t\t\t\t<div class=\"elementor-divider\">\n\t\t\t<span class=\"elementor-divider-separator\">\n\t\t\t\t\t\t<\/span>\n\t\t<\/div>\n\t\t\t\t\t\t<\/div>\n\t\t\t\t<\/div>\n\t\t\t\t<div class=\"elementor-element elementor-element-132291b elementor-widget elementor-widget-elementskit-heading\" data-id=\"132291b\" data-element_type=\"widget\" data-widget_type=\"elementskit-heading.default\">\n\t\t\t\t<div class=\"elementor-widget-container\">\n\t\t\t\t\t<div class=\"ekit-wid-con\" ><div class=\"ekit-heading elementskit-section-title-wraper text_center   ekit_heading_tablet-text_center   ekit_heading_mobile-\"><h2 class=\"ekit-heading--title elementskit-section-title\"> Com reservar la teva cita<\/span> <\/h2>\t\t\t\t<div class='ekit-heading__description'>\n\t\t\t\t\t<p>Som aqu\u00ed per ajudar-te a resoldre els teus problemes legals de manera eficient i professional.<\/p>\n\t\t\t\t<\/div>\n\t\t\t<\/div><\/div>\t\t\t\t<\/div>\n\t\t\t\t<\/div>\n\t\t<div class=\"elementor-element elementor-element-cf0d0ec e-grid e-con-full e-con e-child\" data-id=\"cf0d0ec\" data-element_type=\"container\">\n\t\t\t\t<div class=\"elementor-element elementor-element-ba27fac ekit-equal-height-enable elementor-widget elementor-widget-elementskit-icon-box\" data-id=\"ba27fac\" data-element_type=\"widget\" data-widget_type=\"elementskit-icon-box.default\">\n\t\t\t\t<div class=\"elementor-widget-container\">\n\t\t\t\t\t<div class=\"ekit-wid-con\" >        <!-- link opening -->\n                <a href=\"#\" class=\"ekit_global_links\">\n                <!-- end link opening -->\n\n        <div class=\"elementskit-infobox text-center text-center icon-top-align elementor-animation-\">\n                    <div class=\"elementskit-box-header elementor-animation-\">\n                <div class=\"elementskit-info-box-icon\">\n                    <i aria-hidden=\"true\" class=\"elementkit-infobox-icon icon icon-clock1\"><\/i>\n                <\/div>\n          <\/div>\n                        <div class=\"box-body\">\n                            <h3 class=\"elementskit-info-box-title\">\n                    Trieu el dia i l&#039;hora que millor s&#039;adaptin a la vostra agenda.                <\/h3>\n                                            <\/div>\n        \n        \n                <\/div>\n                <\/a>\n        <\/div>\t\t\t\t<\/div>\n\t\t\t\t<\/div>\n\t\t\t\t<div class=\"elementor-element elementor-element-2eca84b ekit-equal-height-enable elementor-widget elementor-widget-elementskit-icon-box\" data-id=\"2eca84b\" data-element_type=\"widget\" data-widget_type=\"elementskit-icon-box.default\">\n\t\t\t\t<div class=\"elementor-widget-container\">\n\t\t\t\t\t<div class=\"ekit-wid-con\" >        <!-- link opening -->\n                <a href=\"#\" class=\"ekit_global_links\">\n                <!-- end link opening -->\n\n        <div class=\"elementskit-infobox text-center text-center icon-top-align elementor-animation-\">\n                    <div class=\"elementskit-box-header elementor-animation-\">\n                <div class=\"elementskit-info-box-icon\">\n                    <svg aria-hidden=\"true\" class=\"elementkit-infobox-icon e-font-icon-svg e-fab-wpforms\" viewbox=\"0 0 448 512\" xmlns=\"http:\/\/www.w3.org\/2000\/svg\"><path d=\"M448 75.2v361.7c0 24.3-19 43.2-43.2 43.2H43.2C19.3 480 0 461.4 0 436.8V75.2C0 51.1 18.8 32 43.2 32h361.7c24 0 43.1 18.8 43.1 43.2zm-37.3 361.6V75.2c0-3-2.6-5.8-5.8-5.8h-9.3L285.3 144 224 94.1 162.8 144 52.5 69.3h-9.3c-3.2 0-5.8 2.8-5.8 5.8v361.7c0 3 2.6 5.8 5.8 5.8h361.7c3.2.1 5.8-2.7 5.8-5.8zM150.2 186v37H76.7v-37h73.5zm0 74.4v37.3H76.7v-37.3h73.5zm11.1-147.3l54-43.7H96.8l64.5 43.7zm210 72.9v37h-196v-37h196zm0 74.4v37.3h-196v-37.3h196zm-84.6-147.3l64.5-43.7H232.8l53.9 43.7zM371.3 335v37.3h-99.4V335h99.4z\"><\/path><\/svg>\n                <\/div>\n          <\/div>\n                        <div class=\"box-body\">\n                            <h3 class=\"elementskit-info-box-title\">\n                    Omple el formulari amb les teves dades de contacte.                <\/h3>\n                                            <\/div>\n        \n        \n                <\/div>\n                <\/a>\n        <\/div>\t\t\t\t<\/div>\n\t\t\t\t<\/div>\n\t\t\t\t<div class=\"elementor-element elementor-element-cb03a4b ekit-equal-height-enable elementor-widget elementor-widget-elementskit-icon-box\" data-id=\"cb03a4b\" data-element_type=\"widget\" data-widget_type=\"elementskit-icon-box.default\">\n\t\t\t\t<div class=\"elementor-widget-container\">\n\t\t\t\t\t<div class=\"ekit-wid-con\" >        <!-- link opening -->\n                <a href=\"#\" class=\"ekit_global_links\">\n                <!-- end link opening -->\n\n        <div class=\"elementskit-infobox text-center text-center icon-top-align elementor-animation-\">\n                    <div class=\"elementskit-box-header elementor-animation-\">\n                <div class=\"elementskit-info-box-icon\">\n                    <i aria-hidden=\"true\" class=\"elementkit-infobox-icon icon icon-envelope11\"><\/i>\n                <\/div>\n          <\/div>\n                        <div class=\"box-body\">\n                            <h3 class=\"elementskit-info-box-title\">\n                    Rebr\u00e0s una confirmaci\u00f3 de la teva cita per correu electr\u00f2nic.                <\/h3>\n                                            <\/div>\n        \n        \n                <\/div>\n                <\/a>\n        <\/div>\t\t\t\t<\/div>\n\t\t\t\t<\/div>\n\t\t\t\t<\/div>\n\t\t\t\t\t<\/div>\n\t\t\t\t<\/div>\n\t\t<div class=\"elementor-element elementor-element-9400f8a e-flex e-con-boxed e-con e-parent\" data-id=\"9400f8a\" data-element_type=\"container\" data-settings=\"{&quot;background_background&quot;:&quot;classic&quot;}\">\n\t\t\t\t\t<div class=\"e-con-inner\">\n\t\t\t\t<div class=\"elementor-element elementor-element-ff48ed2 elementor-widget__width-initial elementor-widget-mobile__width-inherit elementor-widget elementor-widget-elementskit-heading\" data-id=\"ff48ed2\" data-element_type=\"widget\" data-widget_type=\"elementskit-heading.default\">\n\t\t\t\t<div class=\"elementor-widget-container\">\n\t\t\t\t\t<div class=\"ekit-wid-con\" ><div class=\"ekit-heading elementskit-section-title-wraper text_center   ekit_heading_tablet-text_center   ekit_heading_mobile-\"><h3 class=\"ekit-heading--title elementskit-section-title\">Necessites assessoria legal?<\/span> Som aqu\u00ed per ajudar-te<\/h3>\t\t\t\t<div class='ekit-heading__description'>\n\t\t\t\t\t<p>A Jordi Janer Advocats, t&#039;oferim solucions legals clares, honestes i personalitzades. Si tens dubtes o necessites iniciar la teva defensa, contacta&#039;ns i t&#039;orientarem a cada pas del proc\u00e9s.<\/p>\n\t\t\t\t<\/div>\n\t\t\t<\/div><\/div>\t\t\t\t<\/div>\n\t\t\t\t<\/div>\n\t\t\t\t<div class=\"elementor-element elementor-element-089b12c elementor-mobile-align-center elementor-align-left elementor-tablet-align-center elementor-widget elementor-widget-button\" data-id=\"089b12c\" data-element_type=\"widget\" data-widget_type=\"button.default\">\n\t\t\t\t<div class=\"elementor-widget-container\">\n\t\t\t\t\t\t\t\t\t<div class=\"elementor-button-wrapper\">\n\t\t\t\t\t<a class=\"elementor-button elementor-button-link elementor-size-sm elementor-animation-shrink\" href=\"https:\/\/jjabogadosabadell.com\/ca\/contacto\/\">\n\t\t\t\t\t\t<span class=\"elementor-button-content-wrapper\">\n\t\t\t\t\t\t\t\t\t<span class=\"elementor-button-text\">Parla amb nosaltres<\/span>\n\t\t\t\t\t<\/span>\n\t\t\t\t\t<\/a>\n\t\t\t\t<\/div>\n\t\t\t\t\t\t\t\t<\/div>\n\t\t\t\t<\/div>\n\t\t\t\t\t<\/div>\n\t\t\t\t<\/div>\n\t\t\t\t<\/div>","protected":false},"excerpt":{"rendered":"<p>Reserva tu cita ahora mismo con Jordi Janer Abogados En Jordi Janer Abogados, ofrecemos una consulta inicial para discutir tu caso y ofrecerte la mejor soluci\u00f3n legal. Reserva tu cita de manera r\u00e1pida y sencilla a trav\u00e9s de nuestro calendario online. Paso a Paso C\u00f3mo reservar tu cita Estamos aqu\u00ed para ayudarte a resolver tus&#8230;<\/p>","protected":false},"author":1,"featured_media":0,"parent":0,"menu_order":0,"comment_status":"closed","ping_status":"closed","template":"","meta":{"inline_featured_image":false,"footnotes":""},"class_list":["post-167","page","type-page","status-publish","hentry"],"yoast_head":"<!-- This site is optimized with the Yoast SEO plugin v26.4 - https:\/\/yoast.com\/wordpress\/plugins\/seo\/ -->\n<title>Reserva tu Cita - Jordi Janer Abogados<\/title>\n<meta name=\"robots\" content=\"index, follow, max-snippet:-1, max-image-preview:large, max-video-preview:-1\" \/>\n<link rel=\"canonical\" href=\"https:\/\/jjabogadosabadell.com\/ca\/reserva-tu-cita\/\" \/>\n<meta property=\"og:locale\" content=\"ca_ES\" \/>\n<meta property=\"og:type\" content=\"article\" \/>\n<meta property=\"og:title\" content=\"Reserva tu Cita - Jordi Janer Abogados\" \/>\n<meta property=\"og:description\" content=\"Reserva tu cita ahora mismo con Jordi Janer Abogados En Jordi Janer Abogados, ofrecemos una consulta inicial para discutir tu caso y ofrecerte la mejor soluci\u00f3n legal. Reserva tu cita de manera r\u00e1pida y sencilla a trav\u00e9s de nuestro calendario online. Paso a Paso C\u00f3mo reservar tu cita Estamos aqu\u00ed para ayudarte a resolver tus...\" \/>\n<meta property=\"og:url\" content=\"https:\/\/jjabogadosabadell.com\/ca\/reserva-tu-cita\/\" \/>\n<meta property=\"og:site_name\" content=\"Jordi Janer Abogados\" \/>\n<meta property=\"article:modified_time\" content=\"2025-10-10T14:34:26+00:00\" \/>\n<meta name=\"twitter:card\" content=\"summary_large_image\" \/>\n<meta name=\"twitter:label1\" content=\"Temps estimat de lectura\" \/>\n\t<meta name=\"twitter:data1\" content=\"1 minut\" \/>\n<script type=\"application\/ld+json\" class=\"yoast-schema-graph\">{\"@context\":\"https:\/\/schema.org\",\"@graph\":[{\"@type\":\"WebPage\",\"@id\":\"https:\/\/jjabogadosabadell.com\/reserva-tu-cita\/\",\"url\":\"https:\/\/jjabogadosabadell.com\/reserva-tu-cita\/\",\"name\":\"Reserva tu Cita - Jordi Janer Abogados\",\"isPartOf\":{\"@id\":\"https:\/\/jjabogadosabadell.com\/#website\"},\"datePublished\":\"2025-04-06T01:30:47+00:00\",\"dateModified\":\"2025-10-10T14:34:26+00:00\",\"breadcrumb\":{\"@id\":\"https:\/\/jjabogadosabadell.com\/reserva-tu-cita\/#breadcrumb\"},\"inLanguage\":\"ca\",\"potentialAction\":[{\"@type\":\"ReadAction\",\"target\":[\"https:\/\/jjabogadosabadell.com\/reserva-tu-cita\/\"]}]},{\"@type\":\"BreadcrumbList\",\"@id\":\"https:\/\/jjabogadosabadell.com\/reserva-tu-cita\/#breadcrumb\",\"itemListElement\":[{\"@type\":\"ListItem\",\"position\":1,\"name\":\"Portada\",\"item\":\"https:\/\/jjabogadosabadell.com\/\"},{\"@type\":\"ListItem\",\"position\":2,\"name\":\"Reserva tu Cita\"}]},{\"@type\":\"WebSite\",\"@id\":\"https:\/\/jjabogadosabadell.com\/#website\",\"url\":\"https:\/\/jjabogadosabadell.com\/\",\"name\":\"Jordi Janer Abogados\",\"description\":\"Asesor\u00eda y defensa legal con abogados expertos en Barcelona\",\"potentialAction\":[{\"@type\":\"SearchAction\",\"target\":{\"@type\":\"EntryPoint\",\"urlTemplate\":\"https:\/\/jjabogadosabadell.com\/?s={search_term_string}\"},\"query-input\":{\"@type\":\"PropertyValueSpecification\",\"valueRequired\":true,\"valueName\":\"search_term_string\"}}],\"inLanguage\":\"ca\"}]}<\/script>\n<!-- \/ Yoast SEO plugin. -->","yoast_head_json":{"title":"Reserva tu Cita - Jordi Janer Abogados","robots":{"index":"index","follow":"follow","max-snippet":"max-snippet:-1","max-image-preview":"max-image-preview:large","max-video-preview":"max-video-preview:-1"},"canonical":"https:\/\/jjabogadosabadell.com\/ca\/reserva-tu-cita\/","og_locale":"ca_ES","og_type":"article","og_title":"Reserva tu Cita - Jordi Janer Abogados","og_description":"Reserva tu cita ahora mismo con Jordi Janer Abogados En Jordi Janer Abogados, ofrecemos una consulta inicial para discutir tu caso y ofrecerte la mejor soluci\u00f3n legal. Reserva tu cita de manera r\u00e1pida y sencilla a trav\u00e9s de nuestro calendario online. Paso a Paso C\u00f3mo reservar tu cita Estamos aqu\u00ed para ayudarte a resolver tus...","og_url":"https:\/\/jjabogadosabadell.com\/ca\/reserva-tu-cita\/","og_site_name":"Jordi Janer Abogados","article_modified_time":"2025-10-10T14:34:26+00:00","twitter_card":"summary_large_image","twitter_misc":{"Temps estimat de lectura":"1 minut"},"schema":{"@context":"https:\/\/schema.org","@graph":[{"@type":"WebPage","@id":"https:\/\/jjabogadosabadell.com\/reserva-tu-cita\/","url":"https:\/\/jjabogadosabadell.com\/reserva-tu-cita\/","name":"Reserva tu Cita - Jordi Janer Abogados","isPartOf":{"@id":"https:\/\/jjabogadosabadell.com\/#website"},"datePublished":"2025-04-06T01:30:47+00:00","dateModified":"2025-10-10T14:34:26+00:00","breadcrumb":{"@id":"https:\/\/jjabogadosabadell.com\/reserva-tu-cita\/#breadcrumb"},"inLanguage":"ca","potentialAction":[{"@type":"ReadAction","target":["https:\/\/jjabogadosabadell.com\/reserva-tu-cita\/"]}]},{"@type":"BreadcrumbList","@id":"https:\/\/jjabogadosabadell.com\/reserva-tu-cita\/#breadcrumb","itemListElement":[{"@type":"ListItem","position":1,"name":"Portada","item":"https:\/\/jjabogadosabadell.com\/"},{"@type":"ListItem","position":2,"name":"Reserva tu Cita"}]},{"@type":"WebSite","@id":"https:\/\/jjabogadosabadell.com\/#website","url":"https:\/\/jjabogadosabadell.com\/","name":"Jordi Janer Advocats","description":"Assessoria i defensa legal amb advocats experts a Barcelona","potentialAction":[{"@type":"SearchAction","target":{"@type":"EntryPoint","urlTemplate":"https:\/\/jjabogadosabadell.com\/?s={search_term_string}"},"query-input":{"@type":"PropertyValueSpecification","valueRequired":true,"valueName":"search_term_string"}}],"inLanguage":"ca"}]}},"_links":{"self":[{"href":"https:\/\/jjabogadosabadell.com\/ca\/wp-json\/wp\/v2\/pages\/167","targetHints":{"allow":["GET"]}}],"collection":[{"href":"https:\/\/jjabogadosabadell.com\/ca\/wp-json\/wp\/v2\/pages"}],"about":[{"href":"https:\/\/jjabogadosabadell.com\/ca\/wp-json\/wp\/v2\/types\/page"}],"author":[{"embeddable":true,"href":"https:\/\/jjabogadosabadell.com\/ca\/wp-json\/wp\/v2\/users\/1"}],"replies":[{"embeddable":true,"href":"https:\/\/jjabogadosabadell.com\/ca\/wp-json\/wp\/v2\/comments?post=167"}],"version-history":[{"count":46,"href":"https:\/\/jjabogadosabadell.com\/ca\/wp-json\/wp\/v2\/pages\/167\/revisions"}],"predecessor-version":[{"id":1388,"href":"https:\/\/jjabogadosabadell.com\/ca\/wp-json\/wp\/v2\/pages\/167\/revisions\/1388"}],"wp:attachment":[{"href":"https:\/\/jjabogadosabadell.com\/ca\/wp-json\/wp\/v2\/media?parent=167"}],"curies":[{"name":"wp","href":"https:\/\/api.w.org\/{rel}","templated":true}]}}