{"id":180,"date":"2025-04-06T03:31:49","date_gmt":"2025-04-06T01:31:49","guid":{"rendered":"https:\/\/jjabogadosabadell.com\/?page_id=180"},"modified":"2025-11-25T13:05:25","modified_gmt":"2025-11-25T12:05:25","slug":"contacto","status":"publish","type":"page","link":"https:\/\/jjabogadosabadell.com\/ca\/contacto\/","title":{"rendered":"Contacte"},"content":{"rendered":"<div data-elementor-type=\"wp-page\" data-elementor-id=\"180\" class=\"elementor elementor-180\" data-elementor-post-type=\"page\">\n\t\t\t\t<div class=\"elementor-element elementor-element-a7006dc e-con-full e-flex e-con e-parent\" data-id=\"a7006dc\" data-element_type=\"container\" data-settings=\"{&quot;background_background&quot;:&quot;classic&quot;}\">\n\t\t\t\t<div class=\"elementor-element elementor-element-449f382 elementor-widget elementor-widget-heading\" data-id=\"449f382\" data-element_type=\"widget\" data-widget_type=\"heading.default\">\n\t\t\t\t<div class=\"elementor-widget-container\">\n\t\t\t\t\t<h1 class=\"elementor-heading-title elementor-size-default\">Contacte<\/h1>\t\t\t\t<\/div>\n\t\t\t\t<\/div>\n\t\t\t\t<div class=\"elementor-element elementor-element-c1c35e4 elementor-widget-divider--view-line elementor-widget elementor-widget-divider\" data-id=\"c1c35e4\" data-element_type=\"widget\" data-widget_type=\"divider.default\">\n\t\t\t\t<div class=\"elementor-widget-container\">\n\t\t\t\t\t\t\t<div class=\"elementor-divider\">\n\t\t\t<span class=\"elementor-divider-separator\">\n\t\t\t\t\t\t<\/span>\n\t\t<\/div>\n\t\t\t\t\t\t<\/div>\n\t\t\t\t<\/div>\n\t\t\t\t<\/div>\n\t\t<div class=\"elementor-element elementor-element-130a90b e-flex e-con-boxed e-con e-parent\" data-id=\"130a90b\" data-element_type=\"container\" data-settings=\"{&quot;background_background&quot;:&quot;classic&quot;}\">\n\t\t\t\t\t<div class=\"e-con-inner\">\n\t\t<div class=\"elementor-element elementor-element-43347bb e-con-full e-flex e-con e-child\" data-id=\"43347bb\" data-element_type=\"container\">\n\t\t\t\t<div class=\"elementor-element elementor-element-5bc75d0 elementor-widget elementor-widget-heading\" data-id=\"5bc75d0\" data-element_type=\"widget\" data-widget_type=\"heading.default\">\n\t\t\t\t<div class=\"elementor-widget-container\">\n\t\t\t\t\t<p class=\"elementor-heading-title elementor-size-default\"> Contacta&#039;ns<\/p>\t\t\t\t<\/div>\n\t\t\t\t<\/div>\n\t\t\t\t<div class=\"elementor-element elementor-element-9dd01ad elementor-widget elementor-widget-elementskit-heading\" data-id=\"9dd01ad\" data-element_type=\"widget\" data-widget_type=\"elementskit-heading.default\">\n\t\t\t\t<div class=\"elementor-widget-container\">\n\t\t\t\t\t<div class=\"ekit-wid-con\" ><div class=\"ekit-heading elementskit-section-title-wraper text_left   ekit_heading_tablet-text_center   ekit_heading_mobile-\"><h2 class=\"ekit-heading--title elementskit-section-title\">Som aqu\u00ed per ajudar-te<\/h2>\t\t\t\t<div class='ekit-heading__description'>\n\t\t\t\t\t<p>A Jordi Janer Advocats estem a la teva disposici\u00f3 per resoldre qualsevol dubte o consulta legal que tinguis. <br \/>Pots posar-te en contacte omplint el seg\u00fcent formulari, trucant-nos per tel\u00e8fon o enviant-nos un missatge per WhatsApp. Et respondrem com m\u00e9s aviat millor per brindar-te el suport que necessites.<\/p>\n\t\t\t\t<\/div>\n\t\t\t<\/div><\/div>\t\t\t\t<\/div>\n\t\t\t\t<\/div>\n\t\t<div class=\"elementor-element elementor-element-c26687a e-grid e-con-full e-con e-child\" data-id=\"c26687a\" data-element_type=\"container\">\n\t\t\t\t<div class=\"elementor-element elementor-element-30d1af8 elementor-position-left elementor-view-default elementor-mobile-position-top elementor-widget elementor-widget-icon-box\" data-id=\"30d1af8\" data-element_type=\"widget\" data-widget_type=\"icon-box.default\">\n\t\t\t\t<div class=\"elementor-widget-container\">\n\t\t\t\t\t\t\t<div class=\"elementor-icon-box-wrapper\">\n\n\t\t\t\t\t\t<div class=\"elementor-icon-box-icon\">\n\t\t\t\t<a href=\"tel:+34603042953\" target=\"_blank\" aria-label=\"tel\u00e8fon\" class=\"elementor-icon\" tabindex=\"-1\">\n\t\t\t\t<i aria-hidden=\"true\" class=\"icon icon-phone1\"><\/i>\t\t\t\t<\/a>\n\t\t\t<\/div>\n\t\t\t\n\t\t\t\t\t\t<div class=\"elementor-icon-box-content\">\n\n\t\t\t\t\t\t\t\t\t<p class=\"elementor-icon-box-title\">\n\t\t\t\t\t\t<a href=\"tel:+34603042953\" target=\"_blank\" aria-label=\"tel\u00e8fon\" >\n\t\t\t\t\t\t\tTel\u00e8fon\t\t\t\t\t\t<\/a>\n\t\t\t\t\t<\/p>\n\t\t\t\t\n\t\t\t\t\t\t\t\t\t<p class=\"elementor-icon-box-description\">\n\t\t\t\t\t\t+34 603 042 953\t\t\t\t\t<\/p>\n\t\t\t\t\n\t\t\t<\/div>\n\t\t\t\n\t\t<\/div>\n\t\t\t\t\t\t<\/div>\n\t\t\t\t<\/div>\n\t\t\t\t<div class=\"elementor-element elementor-element-42aa537 elementor-position-left elementor-view-default elementor-mobile-position-top elementor-widget elementor-widget-icon-box\" data-id=\"42aa537\" data-element_type=\"widget\" data-widget_type=\"icon-box.default\">\n\t\t\t\t<div class=\"elementor-widget-container\">\n\t\t\t\t\t\t\t<div class=\"elementor-icon-box-wrapper\">\n\n\t\t\t\t\t\t<div class=\"elementor-icon-box-icon\">\n\t\t\t\t<a href=\"mailto:jordi@jjabogadosabadell.com\" target=\"_blank\" aria-label=\"email\" class=\"elementor-icon\" tabindex=\"-1\">\n\t\t\t\t<i aria-hidden=\"true\" class=\"icon icon-envelope1\"><\/i>\t\t\t\t<\/a>\n\t\t\t<\/div>\n\t\t\t\n\t\t\t\t\t\t<div class=\"elementor-icon-box-content\">\n\n\t\t\t\t\t\t\t\t\t<p class=\"elementor-icon-box-title\">\n\t\t\t\t\t\t<a href=\"mailto:jordi@jjabogadosabadell.com\" target=\"_blank\" aria-label=\"email\" >\n\t\t\t\t\t\t\tEmail \t\t\t\t\t\t<\/a>\n\t\t\t\t\t<\/p>\n\t\t\t\t\n\t\t\t\t\t\t\t\t\t<p class=\"elementor-icon-box-description\">\n\t\t\t\t\t\tjordi@jjabogadosabadell.com\t\t\t\t\t<\/p>\n\t\t\t\t\n\t\t\t<\/div>\n\t\t\t\n\t\t<\/div>\n\t\t\t\t\t\t<\/div>\n\t\t\t\t<\/div>\n\t\t\t\t<div class=\"elementor-element elementor-element-1ae0cff elementor-position-left elementor-view-default elementor-mobile-position-top elementor-widget elementor-widget-icon-box\" data-id=\"1ae0cff\" data-element_type=\"widget\" data-widget_type=\"icon-box.default\">\n\t\t\t\t<div class=\"elementor-widget-container\">\n\t\t\t\t\t\t\t<div class=\"elementor-icon-box-wrapper\">\n\n\t\t\t\t\t\t<div class=\"elementor-icon-box-icon\">\n\t\t\t\t<a href=\"https:\/\/www.google.com\/maps\/place\/Eix30+Abogados\/@41.55213,2.09859,17z\/data=!3m1!4b1!4m6!3m5!1s0x12a495e82ee5fa4f:0xc1e24699ec9c9a57!8m2!3d41.55213!4d2.09859!16s%2Fg%2F1tl6mbr6?authuser=0&#038;hl=pt-BR&#038;entry=ttu&#038;g_ep=EgoyMDI1MDQwNi4wIKXMDSoJLDEwMjExNjQwSAFQAw%3D%3D\" target=\"_blank\" aria-label=\"direcci\u00f3\" class=\"elementor-icon\" tabindex=\"-1\">\n\t\t\t\t<i aria-hidden=\"true\" class=\"icon icon-map-marker\"><\/i>\t\t\t\t<\/a>\n\t\t\t<\/div>\n\t\t\t\n\t\t\t\t\t\t<div class=\"elementor-icon-box-content\">\n\n\t\t\t\t\t\t\t\t\t<p class=\"elementor-icon-box-title\">\n\t\t\t\t\t\t<a href=\"https:\/\/www.google.com\/maps\/place\/Eix30+Abogados\/@41.55213,2.09859,17z\/data=!3m1!4b1!4m6!3m5!1s0x12a495e82ee5fa4f:0xc1e24699ec9c9a57!8m2!3d41.55213!4d2.09859!16s%2Fg%2F1tl6mbr6?authuser=0&#038;hl=pt-BR&#038;entry=ttu&#038;g_ep=EgoyMDI1MDQwNi4wIKXMDSoJLDEwMjExNjQwSAFQAw%3D%3D\" target=\"_blank\" aria-label=\"direcci\u00f3\" >\n\t\t\t\t\t\t\tDirecci\u00f3\t\t\t\t\t\t<\/a>\n\t\t\t\t\t<\/p>\n\t\t\t\t\n\t\t\t\t\t\t\t\t\t<p class=\"elementor-icon-box-description\">\n\t\t\t\t\t\tFRANCESC MACI\u00c0 30 TORRE B PL. 1 08208 SABADELL (BARCELONA)\t\t\t\t\t<\/p>\n\t\t\t\t\n\t\t\t<\/div>\n\t\t\t\n\t\t<\/div>\n\t\t\t\t\t\t<\/div>\n\t\t\t\t<\/div>\n\t\t\t\t<\/div>\n\t\t\t\t<\/div>\n\t\t<div class=\"elementor-element elementor-element-7aad025 e-con-full e-flex e-con e-child\" data-id=\"7aad025\" data-element_type=\"container\">\n\t\t\t\t<div class=\"elementor-element elementor-element-cffecf9 elementor-widget elementor-widget-elementskit-contact-form7\" data-id=\"cffecf9\" data-element_type=\"widget\" data-widget_type=\"elementskit-contact-form7.default\">\n\t\t\t\t<div class=\"elementor-widget-container\">\n\t\t\t\t\t<div class=\"ekit-wid-con\" ><div class=\"ekit-form\">\n<div class=\"wpcf7 no-js\" id=\"wpcf7-f497-p180-o1\" lang=\"es-ES\" dir=\"ltr\" data-wpcf7-id=\"497\">\n<div class=\"screen-reader-response\"><p role=\"status\" aria-live=\"polite\" aria-atomic=\"true\"><\/p> <ul><\/ul><\/div>\n<form action=\"\/ca\/contacto\/#wpcf7-f497-p180-o1\" method=\"post\" class=\"wpcf7-form init\" aria-label=\"Formulario de contacto\" novalidate=\"novalidate\" data-status=\"init\" data-no-translation-aria-label=\"\" data-trp-original-action=\"\/ca\/contacto\/#wpcf7-f497-p180-o1\">\n<fieldset class=\"hidden-fields-container\"><input type=\"hidden\" name=\"_wpcf7\" value=\"497\" \/><input type=\"hidden\" name=\"_wpcf7_version\" value=\"6.1.3\" \/><input type=\"hidden\" name=\"_wpcf7_locale\" value=\"es_ES\" \/><input type=\"hidden\" name=\"_wpcf7_unit_tag\" value=\"wpcf7-f497-p180-o1\" \/><input type=\"hidden\" name=\"_wpcf7_container_post\" value=\"180\" \/><input type=\"hidden\" name=\"_wpcf7_posted_data_hash\" value=\"\" \/><input type=\"hidden\" name=\"_wpcf7_recaptcha_response\" value=\"\" \/>\n<\/fieldset>\n<div class=\"form-row\">\n\t<div class=\"form-column\">\n\t\t<p><label for=\"nombre\">Nom *<\/label><br \/>\n<span class=\"wpcf7-form-control-wrap\" data-name=\"nombre\"><input size=\"40\" maxlength=\"400\" class=\"wpcf7-form-control wpcf7-text wpcf7-validates-as-required\" id=\"nombre\" aria-required=\"true\" aria-invalid=\"false\" placeholder=\"Ex: Juan Garc\u00eda\" value=\"\" type=\"text\" name=\"nombre\" \/><\/span>\n\t\t<\/p>\n\t<\/div>\n\t<div class=\"form-column\">\n\t\t<p><label for=\"telefono\">Tel\u00e8fon *<\/label><br \/>\n<span class=\"wpcf7-form-control-wrap\" data-name=\"telefono\"><input size=\"40\" maxlength=\"400\" class=\"wpcf7-form-control wpcf7-tel wpcf7-validates-as-required wpcf7-text wpcf7-validates-as-tel\" id=\"telefono\" aria-required=\"true\" aria-invalid=\"false\" placeholder=\"Ex: 666 777 888\" value=\"\" type=\"tel\" name=\"telefono\" \/><\/span>\n\t\t<\/p>\n\t<\/div>\n<\/div>\n<div class=\"form-row\">\n\t<div class=\"form-column\">\n\t\t<p><label for=\"email\">Correu electr\u00f2nic *<\/label><br \/>\n<span class=\"wpcf7-form-control-wrap\" data-name=\"email\"><input size=\"40\" maxlength=\"400\" class=\"wpcf7-form-control wpcf7-email wpcf7-validates-as-required wpcf7-text wpcf7-validates-as-email\" id=\"email\" aria-required=\"true\" aria-invalid=\"false\" placeholder=\"Ex: info@dominio.com\" value=\"\" type=\"email\" name=\"email\" \/><\/span>\n\t\t<\/p>\n\t<\/div>\n\t<div class=\"form-column\">\n\t\t<p><label for=\"asunto\">Assumpte *<\/label><br \/>\n<span class=\"wpcf7-form-control-wrap\" data-name=\"asunto\"><input size=\"40\" maxlength=\"400\" class=\"wpcf7-form-control wpcf7-text wpcf7-validates-as-required\" id=\"asunto\" aria-required=\"true\" aria-invalid=\"false\" placeholder=\"Motiu de la consulta\" value=\"\" type=\"text\" name=\"asunto\" \/><\/span>\n\t\t<\/p>\n\t<\/div>\n<\/div>\n<div class=\"form-row-full\">\n\t<p><label for=\"mensaje\">Missatge *<\/label><br \/>\n<span class=\"wpcf7-form-control-wrap\" data-name=\"mensaje\"><textarea cols=\"40\" rows=\"10\" maxlength=\"2000\" class=\"wpcf7-form-control wpcf7-textarea wpcf7-validates-as-required\" id=\"mensaje\" aria-required=\"true\" aria-invalid=\"false\" placeholder=\"Escriu aqu\u00ed el teu missatge...\" name=\"mensaje\"><\/textarea><\/span>\n\t<\/p>\n<\/div>\n<div class=\"form-acceptance\">\n\t<p><span class=\"wpcf7-form-control-wrap\" data-name=\"politica\"><span class=\"wpcf7-form-control wpcf7-acceptance\"><span class=\"wpcf7-list-item\"><label><input type=\"checkbox\" name=\"politica\" value=\"1\" aria-invalid=\"false\" \/><span class=\"wpcf7-list-item-label\"><span class=\"txt-acepto\">He llegit i accepto la <\/span>\n    <a class=\"pp\" href=\"\/ca\/politica-de-privacidad\/\">Pol\u00edtica de Privadesa<\/a><\/span><\/label><\/span><\/span><\/span>\n\t<\/p>\n<\/div>\n<p><input class=\"wpcf7-form-control wpcf7-submit has-spinner\" type=\"submit\" value=\"Enviar missatge\" \/>\n<\/p><div class=\"wpcf7-response-output\" aria-hidden=\"true\"><\/div>\n<input type=\"hidden\" name=\"trp-form-language\" value=\"ca\"\/><\/form>\n<\/div>\n<\/div><\/div>\t\t\t\t<\/div>\n\t\t\t\t<\/div>\n\t\t\t\t<\/div>\n\t\t\t\t\t<\/div>\n\t\t\t\t<\/div>\n\t\t<div class=\"elementor-element elementor-element-1d330de e-con-full e-flex e-con e-parent\" data-id=\"1d330de\" data-element_type=\"container\">\n\t\t\t\t<div class=\"elementor-element elementor-element-554b8f0 elementor-widget elementor-widget-google_maps\" data-id=\"554b8f0\" data-element_type=\"widget\" data-widget_type=\"google_maps.default\">\n\t\t\t\t<div class=\"elementor-widget-container\">\n\t\t\t\t\t\t\t<div class=\"elementor-custom-embed\">\n\t\t\t<iframe loading=\"lazy\"\n\t\t\t\t\tsrc=\"https:\/\/maps.google.com\/maps?q=FRANCESC%20MACI%C3%80%2030%20TORRE%20B%20PL.%201%2008208%20SABADELL%20%28BARCELONA%29&#038;t=m&#038;z=10&#038;output=embed&#038;iwloc=near\"\n\t\t\t\t\ttitle=\"FRANCESC MACI\u00c0 30 TORRE B PL. 1 08208 SABADELL (BARCELONA)\"\n\t\t\t\t\taria-label=\"FRANCESC MACI\u00c0 30 TORRE B PL. 1 08208 SABADELL (BARCELONA)\"\n\t\t\t><\/iframe>\n\t\t<\/div>\n\t\t\t\t\t\t<\/div>\n\t\t\t\t<\/div>\n\t\t\t\t<\/div>\n\t\t\t\t<\/div>","protected":false},"excerpt":{"rendered":"<p>Cont\u00e1ctanos Estamos aqu\u00ed para ayudarte En Jordi Janer Abogados estamos a tu disposici\u00f3n para resolver cualquier duda o consulta legal que tengas. Puedes ponerte en contacto rellenando el siguiente formulario, llam\u00e1ndonos por tel\u00e9fono o envi\u00e1ndonos un mensaje por WhatsApp. Te responderemos lo antes posible para brindarte el apoyo que necesitas. Tel\u00e9fono +34 603 042 953&#8230;<\/p>","protected":false},"author":1,"featured_media":0,"parent":0,"menu_order":0,"comment_status":"closed","ping_status":"closed","template":"","meta":{"inline_featured_image":false,"footnotes":""},"class_list":["post-180","page","type-page","status-publish","hentry"],"yoast_head":"<!-- This site is optimized with the Yoast SEO plugin v26.4 - https:\/\/yoast.com\/wordpress\/plugins\/seo\/ -->\n<title>Contacto - Jordi Janer Abogados<\/title>\n<meta name=\"robots\" content=\"index, follow, max-snippet:-1, max-image-preview:large, max-video-preview:-1\" \/>\n<link rel=\"canonical\" href=\"https:\/\/jjabogadosabadell.com\/ca\/contacto\/\" \/>\n<meta property=\"og:locale\" content=\"ca_ES\" \/>\n<meta property=\"og:type\" content=\"article\" \/>\n<meta property=\"og:title\" content=\"Contacto - Jordi Janer Abogados\" \/>\n<meta property=\"og:description\" content=\"Cont\u00e1ctanos Estamos aqu\u00ed para ayudarte En Jordi Janer Abogados estamos a tu disposici\u00f3n para resolver cualquier duda o consulta legal que tengas. Puedes ponerte en contacto rellenando el siguiente formulario, llam\u00e1ndonos por tel\u00e9fono o envi\u00e1ndonos un mensaje por WhatsApp. Te responderemos lo antes posible para brindarte el apoyo que necesitas. Tel\u00e9fono +34 603 042 953...\" \/>\n<meta property=\"og:url\" content=\"https:\/\/jjabogadosabadell.com\/ca\/contacto\/\" \/>\n<meta property=\"og:site_name\" content=\"Jordi Janer Abogados\" \/>\n<meta property=\"article:modified_time\" content=\"2025-11-25T12:05:25+00:00\" \/>\n<meta name=\"twitter:card\" content=\"summary_large_image\" \/>\n<meta name=\"twitter:label1\" content=\"Temps estimat de lectura\" \/>\n\t<meta name=\"twitter:data1\" content=\"1 minut\" \/>\n<script type=\"application\/ld+json\" class=\"yoast-schema-graph\">{\"@context\":\"https:\/\/schema.org\",\"@graph\":[{\"@type\":\"WebPage\",\"@id\":\"https:\/\/jjabogadosabadell.com\/contacto\/\",\"url\":\"https:\/\/jjabogadosabadell.com\/contacto\/\",\"name\":\"Contacto - Jordi Janer Abogados\",\"isPartOf\":{\"@id\":\"https:\/\/jjabogadosabadell.com\/#website\"},\"datePublished\":\"2025-04-06T01:31:49+00:00\",\"dateModified\":\"2025-11-25T12:05:25+00:00\",\"breadcrumb\":{\"@id\":\"https:\/\/jjabogadosabadell.com\/contacto\/#breadcrumb\"},\"inLanguage\":\"ca\",\"potentialAction\":[{\"@type\":\"ReadAction\",\"target\":[\"https:\/\/jjabogadosabadell.com\/contacto\/\"]}]},{\"@type\":\"BreadcrumbList\",\"@id\":\"https:\/\/jjabogadosabadell.com\/contacto\/#breadcrumb\",\"itemListElement\":[{\"@type\":\"ListItem\",\"position\":1,\"name\":\"Portada\",\"item\":\"https:\/\/jjabogadosabadell.com\/\"},{\"@type\":\"ListItem\",\"position\":2,\"name\":\"Contacto\"}]},{\"@type\":\"WebSite\",\"@id\":\"https:\/\/jjabogadosabadell.com\/#website\",\"url\":\"https:\/\/jjabogadosabadell.com\/\",\"name\":\"Jordi Janer Abogados\",\"description\":\"Asesor\u00eda y defensa legal con abogados expertos en Barcelona\",\"potentialAction\":[{\"@type\":\"SearchAction\",\"target\":{\"@type\":\"EntryPoint\",\"urlTemplate\":\"https:\/\/jjabogadosabadell.com\/?s={search_term_string}\"},\"query-input\":{\"@type\":\"PropertyValueSpecification\",\"valueRequired\":true,\"valueName\":\"search_term_string\"}}],\"inLanguage\":\"ca\"}]}<\/script>\n<!-- \/ Yoast SEO plugin. -->","yoast_head_json":{"title":"Contacto - Jordi Janer Abogados","robots":{"index":"index","follow":"follow","max-snippet":"max-snippet:-1","max-image-preview":"max-image-preview:large","max-video-preview":"max-video-preview:-1"},"canonical":"https:\/\/jjabogadosabadell.com\/ca\/contacto\/","og_locale":"ca_ES","og_type":"article","og_title":"Contacto - Jordi Janer Abogados","og_description":"Cont\u00e1ctanos Estamos aqu\u00ed para ayudarte En Jordi Janer Abogados estamos a tu disposici\u00f3n para resolver cualquier duda o consulta legal que tengas. Puedes ponerte en contacto rellenando el siguiente formulario, llam\u00e1ndonos por tel\u00e9fono o envi\u00e1ndonos un mensaje por WhatsApp. Te responderemos lo antes posible para brindarte el apoyo que necesitas. Tel\u00e9fono +34 603 042 953...","og_url":"https:\/\/jjabogadosabadell.com\/ca\/contacto\/","og_site_name":"Jordi Janer Abogados","article_modified_time":"2025-11-25T12:05:25+00:00","twitter_card":"summary_large_image","twitter_misc":{"Temps estimat de lectura":"1 minut"},"schema":{"@context":"https:\/\/schema.org","@graph":[{"@type":"WebPage","@id":"https:\/\/jjabogadosabadell.com\/contacto\/","url":"https:\/\/jjabogadosabadell.com\/contacto\/","name":"Contacto - Jordi Janer Abogados","isPartOf":{"@id":"https:\/\/jjabogadosabadell.com\/#website"},"datePublished":"2025-04-06T01:31:49+00:00","dateModified":"2025-11-25T12:05:25+00:00","breadcrumb":{"@id":"https:\/\/jjabogadosabadell.com\/contacto\/#breadcrumb"},"inLanguage":"ca","potentialAction":[{"@type":"ReadAction","target":["https:\/\/jjabogadosabadell.com\/contacto\/"]}]},{"@type":"BreadcrumbList","@id":"https:\/\/jjabogadosabadell.com\/contacto\/#breadcrumb","itemListElement":[{"@type":"ListItem","position":1,"name":"Portada","item":"https:\/\/jjabogadosabadell.com\/"},{"@type":"ListItem","position":2,"name":"Contacto"}]},{"@type":"WebSite","@id":"https:\/\/jjabogadosabadell.com\/#website","url":"https:\/\/jjabogadosabadell.com\/","name":"Jordi Janer Advocats","description":"Assessoria i defensa legal amb advocats experts a Barcelona","potentialAction":[{"@type":"SearchAction","target":{"@type":"EntryPoint","urlTemplate":"https:\/\/jjabogadosabadell.com\/?s={search_term_string}"},"query-input":{"@type":"PropertyValueSpecification","valueRequired":true,"valueName":"search_term_string"}}],"inLanguage":"ca"}]}},"_links":{"self":[{"href":"https:\/\/jjabogadosabadell.com\/ca\/wp-json\/wp\/v2\/pages\/180","targetHints":{"allow":["GET"]}}],"collection":[{"href":"https:\/\/jjabogadosabadell.com\/ca\/wp-json\/wp\/v2\/pages"}],"about":[{"href":"https:\/\/jjabogadosabadell.com\/ca\/wp-json\/wp\/v2\/types\/page"}],"author":[{"embeddable":true,"href":"https:\/\/jjabogadosabadell.com\/ca\/wp-json\/wp\/v2\/users\/1"}],"replies":[{"embeddable":true,"href":"https:\/\/jjabogadosabadell.com\/ca\/wp-json\/wp\/v2\/comments?post=180"}],"version-history":[{"count":52,"href":"https:\/\/jjabogadosabadell.com\/ca\/wp-json\/wp\/v2\/pages\/180\/revisions"}],"predecessor-version":[{"id":1563,"href":"https:\/\/jjabogadosabadell.com\/ca\/wp-json\/wp\/v2\/pages\/180\/revisions\/1563"}],"wp:attachment":[{"href":"https:\/\/jjabogadosabadell.com\/ca\/wp-json\/wp\/v2\/media?parent=180"}],"curies":[{"name":"wp","href":"https:\/\/api.w.org\/{rel}","templated":true}]}}